{"id":9,"date":"2025-09-14T08:11:31","date_gmt":"2025-09-13T23:11:31","guid":{"rendered":"https:\/\/konzept-o.com\/?page_id=9"},"modified":"2025-10-17T11:33:08","modified_gmt":"2025-10-17T02:33:08","slug":"contact","status":"publish","type":"page","link":"https:\/\/konzept-o.com\/pl\/contact\/","title":{"rendered":"Skontaktuj si\u0119 z nami\uff5cKonzept-O, aby uzyska\u0107 porady dotycz\u0105ce handlu, promocji i ekspansji zagranicznej."},"content":{"rendered":"<main class=\"wp-block-group p-contact has-global-padding is-layout-constrained wp-block-group-is-layout-constrained\">\n<section class=\"wp-block-group p-contact-head has-global-padding is-layout-constrained wp-block-group-is-layout-constrained\">\n<h2 class=\"wp-block-heading has-text-align-center has-fs-70-font-size\">KONTAKT.<\/h2>\n\n\n<\/section>\n\n\n\n<section class=\"wp-block-group p-contact-body has-global-padding is-layout-constrained wp-block-group-is-layout-constrained\">\n<div class=\"wp-block-contact-form-7-contact-form-selector\">\n<div class=\"wpcf7 no-js\" id=\"wpcf7-f146-o1\" lang=\"ja\" dir=\"ltr\" data-wpcf7-id=\"146\">\n<div class=\"screen-reader-response\"><p role=\"status\" aria-live=\"polite\" aria-atomic=\"true\"><\/p> <ul><\/ul><\/div>\n<form action=\"\/pl\/wp-json\/wp\/v2\/pages\/9#wpcf7-f146-o1\" method=\"post\" class=\"wpcf7-form init\" aria-label=\"formularz kontaktowy\" novalidate=\"novalidate\" data-status=\"init\" data-trp-original-action=\"\/pl\/wp-json\/wp\/v2\/pages\/9#wpcf7-f146-o1\">\n<fieldset class=\"hidden-fields-container\"><input type=\"hidden\" name=\"_wpcf7\" value=\"146\" \/><input type=\"hidden\" name=\"_wpcf7_version\" value=\"6.1.2\" \/><input type=\"hidden\" name=\"_wpcf7_locale\" value=\"ja\" \/><input type=\"hidden\" name=\"_wpcf7_unit_tag\" value=\"wpcf7-f146-o1\" \/><input type=\"hidden\" name=\"_wpcf7_container_post\" value=\"0\" \/><input type=\"hidden\" name=\"_wpcf7_posted_data_hash\" value=\"\" \/><input type=\"hidden\" name=\"_wpcf7_recaptcha_response\" value=\"\" \/>\n<\/fieldset>\n<div class=\"head\">\n\t<p><span class=\"txt\">Szczeg\u00f3\u0142y dotycz\u0105ce wymaganych konsultacji<\/span><span class=\"require\">niezb\u0119dny<\/span>\n\t<\/p>\n<\/div>\n<div class=\"body\">\n\t<p><span class=\"wpcf7-form-control-wrap\" data-name=\"radio\"><span class=\"wpcf7-form-control wpcf7-radio\"><span class=\"wpcf7-list-item first\"><label><input type=\"radio\" name=\"radio\" value=\"\u8cbf\u6613\" \/><span class=\"wpcf7-list-item-label\">\u8cbf\u6613<\/span><\/label><\/span><span class=\"wpcf7-list-item\"><label><input type=\"radio\" name=\"radio\" value=\"\u30d7\u30ed\u30e2\u30fc\u30b7\u30e7\u30f3\" \/><span class=\"wpcf7-list-item-label\">\u30d7\u30ed\u30e2\u30fc\u30b7\u30e7\u30f3<\/span><\/label><\/span><span class=\"wpcf7-list-item last\"><label><input type=\"radio\" name=\"radio\" value=\"\u305d\u306e\u4ed6\" \/><span class=\"wpcf7-list-item-label\">Inne.<\/span><\/label><\/span><\/span><\/span>\n\t<\/p>\n<\/div>\n<div class=\"head\">\n\t<p><span class=\"txt\">Nazwa firmy<\/span><span class=\"require\">niezb\u0119dny<\/span>\n\t<\/p>\n<\/div>\n<div class=\"body\">\n\t<p><span class=\"wpcf7-form-control-wrap\" data-name=\"corporate-name\"><input size=\"40\" maxlength=\"400\" class=\"wpcf7-form-control wpcf7-text wpcf7-validates-as-required\" autocomplete=\"name\" aria-required=\"true\" aria-invalid=\"false\" value=\"\" type=\"text\" name=\"corporate-name\" \/><\/span>\n\t<\/p>\n<\/div>\n<div class=\"head\">\n\t<p><span class=\"txt\">Imi\u0119 i nazwisko<\/span><span class=\"require\">niezb\u0119dny<\/span>\n\t<\/p>\n<\/div>\n<div class=\"body\">\n\t<p><span class=\"wpcf7-form-control-wrap\" data-name=\"your-name\"><input size=\"40\" maxlength=\"400\" class=\"wpcf7-form-control wpcf7-text wpcf7-validates-as-required\" autocomplete=\"name\" aria-required=\"true\" aria-invalid=\"false\" value=\"\" type=\"text\" name=\"your-name\" \/><\/span>\n\t<\/p>\n<\/div>\n<div class=\"head\">\n\t<p><span class=\"txt\">adres e-mail<\/span><span class=\"require\">niezb\u0119dny<\/span>\n\t<\/p>\n<\/div>\n<div class=\"body\">\n\t<p><span class=\"wpcf7-form-control-wrap\" data-name=\"your-email\"><input size=\"40\" maxlength=\"400\" class=\"wpcf7-form-control wpcf7-email wpcf7-validates-as-required wpcf7-text wpcf7-validates-as-email\" autocomplete=\"email\" aria-required=\"true\" aria-invalid=\"false\" value=\"\" type=\"email\" name=\"your-email\" \/><\/span>\n\t<\/p>\n<\/div>\n<div class=\"head\">\n\t<p><span class=\"txt\">Numer telefonu<\/span><span class=\"require\">niezb\u0119dny<\/span>\n\t<\/p>\n<\/div>\n<div class=\"body\">\n\t<p><span class=\"wpcf7-form-control-wrap\" data-name=\"tel\"><input size=\"40\" maxlength=\"400\" class=\"wpcf7-form-control wpcf7-tel wpcf7-text wpcf7-validates-as-tel\" autocomplete=\"tel\" aria-invalid=\"false\" placeholder=\"012-3456-789\" value=\"\" type=\"tel\" name=\"tel\" \/><\/span>\n\t<\/p>\n<\/div>\n<div class=\"head\">\n\t<p><span class=\"txt\">Szczeg\u00f3\u0142y zapytania.<\/span><span class=\"require\">niezb\u0119dny<\/span>\n\t<\/p>\n<\/div>\n<div class=\"body\">\n\t<p><span class=\"wpcf7-form-control-wrap\" data-name=\"your-message\"><textarea cols=\"40\" rows=\"10\" maxlength=\"2000\" class=\"wpcf7-form-control wpcf7-textarea\" aria-invalid=\"false\" name=\"your-message\"><\/textarea><\/span>\n\t<\/p>\n<\/div>\n<p><span class=\"wpcf7-form-control-wrap\" data-name=\"acceptance\"><span class=\"wpcf7-form-control wpcf7-acceptance optional\"><span class=\"wpcf7-list-item\"><label><input type=\"checkbox\" name=\"acceptance\" value=\"1\" aria-invalid=\"false\" \/><span class=\"wpcf7-list-item-label\">Zapozna\u0142em si\u0119 z polityk\u0105 prywatno\u015bci i akceptuj\u0119 jej tre\u015b\u0107<\/span><\/label><\/span><\/span><\/span>\n<\/p>\n<div class=\"submit\">\n\t<p><input class=\"wpcf7-form-control wpcf7-submit has-spinner\" type=\"submit\" value=\"Transmisja.\" \/>\n\t<\/p>\n<\/div>\n<p><script>\ndocument.addEventListener( 'wpcf7mailsent', function( event ) {\n location = 'https:\/\/konzept-o.com\/contact-thanks\/';\n}, false );\n<\/script>\n<\/p><p style=\"display: none !important;\" class=\"akismet-fields-container\" data-prefix=\"_wpcf7_ak_\"><label>&#916;<textarea name=\"_wpcf7_ak_hp_textarea\" cols=\"45\" rows=\"8\" maxlength=\"100\"><\/textarea><\/label><input type=\"hidden\" id=\"ak_js_1\" name=\"_wpcf7_ak_js\" value=\"225\"\/><script>document.getElementById( \"ak_js_1\" ).setAttribute( \"value\", ( new Date() ).getTime() );<\/script><\/p><div class=\"wpcf7-response-output\" aria-hidden=\"true\"><\/div>\n<input type=\"hidden\" name=\"trp-form-language\" value=\"pl\"\/><\/form>\n<\/div>\n<\/div>\n<\/section>\n<\/main>","protected":false},"excerpt":{"rendered":"<p>KONTAKT.<\/p>","protected":false},"author":1,"featured_media":0,"parent":0,"menu_order":0,"comment_status":"closed","ping_status":"closed","template":"","meta":{"_acf_changed":false,"footnotes":""},"class_list":["post-9","page","type-page","status-publish","hentry"],"acf":[],"yoast_head":"<!-- This site is optimized with the Yoast SEO plugin v26.1.1 - https:\/\/yoast.com\/wordpress\/plugins\/seo\/ -->\n<title>\u304a\u554f\u3044\u5408\u308f\u305b\uff5c\u8cbf\u6613\u30fb\u30d7\u30ed\u30e2\u30fc\u30b7\u30e7\u30f3\u30fb\u6d77\u5916\u5c55\u958b\u306e\u3054\u76f8\u8ac7\u306fKonzept-O\u3078<\/title>\n<meta name=\"description\" content=\"\u8cbf\u6613\u30fb\u8f38\u51fa\u5165\u652f\u63f4\u3001\u6d77\u5916\u30d7\u30ed\u30e2\u30fc\u30b7\u30e7\u30f3\u3001\u30d6\u30e9\u30f3\u30c9\u6226\u7565\u306a\u3069\u3001\u5404\u7a2e\u3054\u76f8\u8ac7\u306f\u3053\u3061\u3089\u304b\u3089\u3002Konzept-O\u304c\u65e5\u672c\u3068\u4e16\u754c\u3092\u3064\u306a\u3050\u6700\u9069\u306a\u30bd\u30ea\u30e5\u30fc\u30b7\u30e7\u30f3\u3092\u3054\u63d0\u6848\u3057\u307e\u3059\u3002\" \/>\n<meta name=\"robots\" content=\"index, follow, max-snippet:-1, max-image-preview:large, max-video-preview:-1\" \/>\n<link rel=\"canonical\" href=\"https:\/\/konzept-o.com\/pl\/contact\/\" \/>\n<meta property=\"og:locale\" content=\"pl_PL\" \/>\n<meta property=\"og:type\" content=\"article\" \/>\n<meta property=\"og:title\" content=\"\u304a\u554f\u3044\u5408\u308f\u305b\uff5c\u8cbf\u6613\u30fb\u30d7\u30ed\u30e2\u30fc\u30b7\u30e7\u30f3\u30fb\u6d77\u5916\u5c55\u958b\u306e\u3054\u76f8\u8ac7\u306fKonzept-O\u3078\" \/>\n<meta property=\"og:description\" content=\"\u8cbf\u6613\u30fb\u8f38\u51fa\u5165\u652f\u63f4\u3001\u6d77\u5916\u30d7\u30ed\u30e2\u30fc\u30b7\u30e7\u30f3\u3001\u30d6\u30e9\u30f3\u30c9\u6226\u7565\u306a\u3069\u3001\u5404\u7a2e\u3054\u76f8\u8ac7\u306f\u3053\u3061\u3089\u304b\u3089\u3002Konzept-O\u304c\u65e5\u672c\u3068\u4e16\u754c\u3092\u3064\u306a\u3050\u6700\u9069\u306a\u30bd\u30ea\u30e5\u30fc\u30b7\u30e7\u30f3\u3092\u3054\u63d0\u6848\u3057\u307e\u3059\u3002\" \/>\n<meta property=\"og:url\" content=\"https:\/\/konzept-o.com\/pl\/contact\/\" \/>\n<meta property=\"og:site_name\" content=\"Konzept-O\uff5c\u8cbf\u6613\u3068\u30d7\u30ed\u30e2\u30fc\u30b7\u30e7\u30f3\u3067\u4e16\u754c\u3067\u6226\u3046\u4f01\u696d\u3092\u3064\u304f\u308b\" \/>\n<meta property=\"article:modified_time\" content=\"2025-10-17T02:33:08+00:00\" \/>\n<meta name=\"twitter:card\" content=\"summary_large_image\" \/>\n<meta name=\"twitter:label1\" content=\"Szacowany czas czytania\" \/>\n\t<meta name=\"twitter:data1\" content=\"1 minuta\" \/>\n<script type=\"application\/ld+json\" class=\"yoast-schema-graph\">{\"@context\":\"https:\/\/schema.org\",\"@graph\":[{\"@type\":\"WebPage\",\"@id\":\"https:\/\/konzept-o.com\/contact\/\",\"url\":\"https:\/\/konzept-o.com\/contact\/\",\"name\":\"\u304a\u554f\u3044\u5408\u308f\u305b\uff5c\u8cbf\u6613\u30fb\u30d7\u30ed\u30e2\u30fc\u30b7\u30e7\u30f3\u30fb\u6d77\u5916\u5c55\u958b\u306e\u3054\u76f8\u8ac7\u306fKonzept-O\u3078\",\"isPartOf\":{\"@id\":\"https:\/\/konzept-o.com\/#website\"},\"datePublished\":\"2025-09-13T23:11:31+00:00\",\"dateModified\":\"2025-10-17T02:33:08+00:00\",\"description\":\"\u8cbf\u6613\u30fb\u8f38\u51fa\u5165\u652f\u63f4\u3001\u6d77\u5916\u30d7\u30ed\u30e2\u30fc\u30b7\u30e7\u30f3\u3001\u30d6\u30e9\u30f3\u30c9\u6226\u7565\u306a\u3069\u3001\u5404\u7a2e\u3054\u76f8\u8ac7\u306f\u3053\u3061\u3089\u304b\u3089\u3002Konzept-O\u304c\u65e5\u672c\u3068\u4e16\u754c\u3092\u3064\u306a\u3050\u6700\u9069\u306a\u30bd\u30ea\u30e5\u30fc\u30b7\u30e7\u30f3\u3092\u3054\u63d0\u6848\u3057\u307e\u3059\u3002\",\"breadcrumb\":{\"@id\":\"https:\/\/konzept-o.com\/contact\/#breadcrumb\"},\"inLanguage\":\"pl-PL\",\"potentialAction\":[{\"@type\":\"ReadAction\",\"target\":[\"https:\/\/konzept-o.com\/contact\/\"]}]},{\"@type\":\"BreadcrumbList\",\"@id\":\"https:\/\/konzept-o.com\/contact\/#breadcrumb\",\"itemListElement\":[{\"@type\":\"ListItem\",\"position\":1,\"name\":\"\u30db\u30fc\u30e0\",\"item\":\"https:\/\/konzept-o.com\/\"},{\"@type\":\"ListItem\",\"position\":2,\"name\":\"\u304a\u554f\u3044\u5408\u308f\u305b\uff5c\u8cbf\u6613\u30fb\u30d7\u30ed\u30e2\u30fc\u30b7\u30e7\u30f3\u30fb\u6d77\u5916\u5c55\u958b\u306e\u3054\u76f8\u8ac7\u306fKonzept-O\u3078\"}]},{\"@type\":\"WebSite\",\"@id\":\"https:\/\/konzept-o.com\/#website\",\"url\":\"https:\/\/konzept-o.com\/\",\"name\":\"Konzept-O\uff5c\u8cbf\u6613\u3068\u30d7\u30ed\u30e2\u30fc\u30b7\u30e7\u30f3\u3067\u4e16\u754c\u3067\u6226\u3046\u4f01\u696d\u3092\u3064\u304f\u308b\",\"description\":\"\",\"potentialAction\":[{\"@type\":\"SearchAction\",\"target\":{\"@type\":\"EntryPoint\",\"urlTemplate\":\"https:\/\/konzept-o.com\/?s={search_term_string}\"},\"query-input\":{\"@type\":\"PropertyValueSpecification\",\"valueRequired\":true,\"valueName\":\"search_term_string\"}}],\"inLanguage\":\"pl-PL\"}]}<\/script>\n<!-- \/ Yoast SEO plugin. -->","yoast_head_json":{"title":"Skontaktuj si\u0119 z nami\uff5cKonzept-O, aby uzyska\u0107 porady dotycz\u0105ce handlu, promocji i ekspansji zagranicznej.","description":"Dla wszystkich rodzaj\u00f3w handlu i wsparcia importu\/eksportu, promocji zagranicznej i strategii marki, Konzept-O oferuje najlepsze rozwi\u0105zania \u0142\u0105cz\u0105ce Japoni\u0119 z reszt\u0105 \u015bwiata.","robots":{"index":"index","follow":"follow","max-snippet":"max-snippet:-1","max-image-preview":"max-image-preview:large","max-video-preview":"max-video-preview:-1"},"canonical":"https:\/\/konzept-o.com\/pl\/contact\/","og_locale":"pl_PL","og_type":"article","og_title":"\u304a\u554f\u3044\u5408\u308f\u305b\uff5c\u8cbf\u6613\u30fb\u30d7\u30ed\u30e2\u30fc\u30b7\u30e7\u30f3\u30fb\u6d77\u5916\u5c55\u958b\u306e\u3054\u76f8\u8ac7\u306fKonzept-O\u3078","og_description":"\u8cbf\u6613\u30fb\u8f38\u51fa\u5165\u652f\u63f4\u3001\u6d77\u5916\u30d7\u30ed\u30e2\u30fc\u30b7\u30e7\u30f3\u3001\u30d6\u30e9\u30f3\u30c9\u6226\u7565\u306a\u3069\u3001\u5404\u7a2e\u3054\u76f8\u8ac7\u306f\u3053\u3061\u3089\u304b\u3089\u3002Konzept-O\u304c\u65e5\u672c\u3068\u4e16\u754c\u3092\u3064\u306a\u3050\u6700\u9069\u306a\u30bd\u30ea\u30e5\u30fc\u30b7\u30e7\u30f3\u3092\u3054\u63d0\u6848\u3057\u307e\u3059\u3002","og_url":"https:\/\/konzept-o.com\/pl\/contact\/","og_site_name":"Konzept-O\uff5c\u8cbf\u6613\u3068\u30d7\u30ed\u30e2\u30fc\u30b7\u30e7\u30f3\u3067\u4e16\u754c\u3067\u6226\u3046\u4f01\u696d\u3092\u3064\u304f\u308b","article_modified_time":"2025-10-17T02:33:08+00:00","twitter_card":"summary_large_image","twitter_misc":{"Szacowany czas czytania":"1 minuta"},"schema":{"@context":"https:\/\/schema.org","@graph":[{"@type":"WebPage","@id":"https:\/\/konzept-o.com\/contact\/","url":"https:\/\/konzept-o.com\/contact\/","name":"Skontaktuj si\u0119 z nami\uff5cKonzept-O, aby uzyska\u0107 porady dotycz\u0105ce handlu, promocji i ekspansji zagranicznej.","isPartOf":{"@id":"https:\/\/konzept-o.com\/#website"},"datePublished":"2025-09-13T23:11:31+00:00","dateModified":"2025-10-17T02:33:08+00:00","description":"Dla wszystkich rodzaj\u00f3w handlu i wsparcia importu\/eksportu, promocji zagranicznej i strategii marki, Konzept-O oferuje najlepsze rozwi\u0105zania \u0142\u0105cz\u0105ce Japoni\u0119 z reszt\u0105 \u015bwiata.","breadcrumb":{"@id":"https:\/\/konzept-o.com\/contact\/#breadcrumb"},"inLanguage":"pl-PL","potentialAction":[{"@type":"ReadAction","target":["https:\/\/konzept-o.com\/contact\/"]}]},{"@type":"BreadcrumbList","@id":"https:\/\/konzept-o.com\/contact\/#breadcrumb","itemListElement":[{"@type":"ListItem","position":1,"name":"\u30db\u30fc\u30e0","item":"https:\/\/konzept-o.com\/"},{"@type":"ListItem","position":2,"name":"\u304a\u554f\u3044\u5408\u308f\u305b\uff5c\u8cbf\u6613\u30fb\u30d7\u30ed\u30e2\u30fc\u30b7\u30e7\u30f3\u30fb\u6d77\u5916\u5c55\u958b\u306e\u3054\u76f8\u8ac7\u306fKonzept-O\u3078"}]},{"@type":"WebSite","@id":"https:\/\/konzept-o.com\/#website","url":"https:\/\/konzept-o.com\/","name":"Konzept-O\uff5cTworzenie firmy, kt\u00f3ra konkuruje globalnie poprzez handel i promocj\u0119.","description":"","potentialAction":[{"@type":"SearchAction","target":{"@type":"EntryPoint","urlTemplate":"https:\/\/konzept-o.com\/?s={search_term_string}"},"query-input":{"@type":"PropertyValueSpecification","valueRequired":true,"valueName":"search_term_string"}}],"inLanguage":"pl-PL"}]}},"_links":{"self":[{"href":"https:\/\/konzept-o.com\/pl\/wp-json\/wp\/v2\/pages\/9","targetHints":{"allow":["GET"]}}],"collection":[{"href":"https:\/\/konzept-o.com\/pl\/wp-json\/wp\/v2\/pages"}],"about":[{"href":"https:\/\/konzept-o.com\/pl\/wp-json\/wp\/v2\/types\/page"}],"author":[{"embeddable":true,"href":"https:\/\/konzept-o.com\/pl\/wp-json\/wp\/v2\/users\/1"}],"replies":[{"embeddable":true,"href":"https:\/\/konzept-o.com\/pl\/wp-json\/wp\/v2\/comments?post=9"}],"version-history":[{"count":11,"href":"https:\/\/konzept-o.com\/pl\/wp-json\/wp\/v2\/pages\/9\/revisions"}],"predecessor-version":[{"id":554,"href":"https:\/\/konzept-o.com\/pl\/wp-json\/wp\/v2\/pages\/9\/revisions\/554"}],"wp:attachment":[{"href":"https:\/\/konzept-o.com\/pl\/wp-json\/wp\/v2\/media?parent=9"}],"curies":[{"name":"wp","href":"https:\/\/api.w.org\/{rel}","templated":true}]}}