{"id":3,"date":"2025-09-14T08:13:25","date_gmt":"2025-09-13T23:13:25","guid":{"rendered":"https:\/\/konzept-o.com"},"modified":"2025-10-15T11:38:50","modified_gmt":"2025-10-15T02:38:50","slug":"polityka-prywatnosci","status":"publish","type":"page","link":"https:\/\/konzept-o.com\/pl\/polityka-prywatnosci\/","title":{"rendered":"Polityka prywatno\u015bci."},"content":{"rendered":"<main class=\"wp-block-group p-policy has-global-padding is-layout-constrained wp-block-group-is-layout-constrained\">\n<h2 class=\"wp-block-heading has-text-align-center has-fs-80-font-size\">POLITYKA PRYWATNO\u015aCI<\/h2>\n\n\n\n<p class=\"has-montserrat-font-family has-fs-16-font-size\">Konzept-O Corporation (zwana dalej \"Sp\u00f3\u0142k\u0105\") ustanowi\u0142a nast\u0119puj\u0105c\u0105 polityk\u0119 prywatno\u015bci (zwan\u0105 dalej \"Polityk\u0105\") dotycz\u0105c\u0105 przetwarzania danych osobowych u\u017cytkownik\u00f3w w ramach us\u0142ug \u015bwiadczonych na tej stronie internetowej (zwanych dalej \"Us\u0142ugami\").<\/p>\n\n\n\n<h3 class=\"wp-block-heading has-montserrat-font-family has-fs-18-font-size\"><strong>Artyku\u0142 1 (Dane osobowe).<\/strong><\/h3>\n\n\n\n<p class=\"has-montserrat-font-family has-fs-16-font-size\">Termin \"dane osobowe\" odnosi si\u0119 do \"danych osobowych\" zgodnie z definicj\u0105 w ustawie o ochronie danych osobowych i odnosi si\u0119 do informacji o \u017cyj\u0105cych osobach, kt\u00f3re mog\u0105 zidentyfikowa\u0107 konkretne osoby na podstawie imienia i nazwiska, daty urodzenia, adresu, numeru telefonu, danych kontaktowych i innych opis\u00f3w zawartych w informacjach, a tak\u017ce danych dotycz\u0105cych wygl\u0105du, odcisk\u00f3w palc\u00f3w, odcisk\u00f3w g\u0142osu i numer\u00f3w kart ubezpieczenia zdrowotnego. Informacje, kt\u00f3re mog\u0105 zidentyfikowa\u0107 konkretn\u0105 osob\u0119 na podstawie samych tych informacji, takie jak imi\u0119 i nazwisko, data urodzenia, adres, numer telefonu, dane kontaktowe i inne opisy, a tak\u017ce informacje, kt\u00f3re mog\u0105 zidentyfikowa\u0107 konkretn\u0105 osob\u0119 na podstawie samych tych informacji (osobiste informacje identyfikacyjne).<\/p>\n\n\n\n<h3 class=\"wp-block-heading has-montserrat-font-family has-fs-18-font-size\"><strong>Artyku\u0142 2 (Cel gromadzenia i wykorzystywania danych osobowych).<\/strong><\/h3>\n\n\n\n<p class=\"has-montserrat-font-family has-fs-16-font-size\">Cele, dla kt\u00f3rych gromadzimy i wykorzystujemy dane osobowe, s\u0105 nast\u0119puj\u0105ce<\/p>\n\n\n\n<ol class=\"wp-block-list\">\n<li class=\"has-fs-16-font-size\">W celu \u015bwiadczenia i obs\u0142ugi naszych us\u0142ug.<\/li>\n\n\n\n<li class=\"has-fs-16-font-size\">Odpowiadanie na zapytania u\u017cytkownik\u00f3w (w tym weryfikacja to\u017csamo\u015bci).<\/li>\n\n\n\n<li class=\"has-fs-16-font-size\">Wysy\u0142anie wiadomo\u015bci e-mail z informacjami o nowych funkcjach, aktualizacjach, kampaniach itp. us\u0142ug, z kt\u00f3rych korzysta u\u017cytkownik, oraz informacji o powi\u0105zanych us\u0142ugach \u015bwiadczonych przez Sp\u00f3\u0142k\u0119.<\/li>\n\n\n\n<li class=\"has-fs-16-font-size\">Kontaktowanie si\u0119 z u\u017cytkownikiem w razie potrzeby w zwi\u0105zku z konserwacj\u0105, wa\u017cnymi powiadomieniami itp.<\/li>\n\n\n\n<li class=\"has-fs-16-font-size\">Identyfikacja u\u017cytkownik\u00f3w, kt\u00f3rzy naruszyli Warunki u\u017cytkowania lub kt\u00f3rzy pr\u00f3buj\u0105 korzysta\u0107 z us\u0142ug w nieuczciwych lub nieuzasadnionych celach, oraz odmowa korzystania z nich.<\/li>\n\n\n\n<li class=\"has-fs-16-font-size\">Umo\u017cliwienie u\u017cytkownikom przegl\u0105dania, zmieniania lub usuwania w\u0142asnych informacji rejestracyjnych oraz przegl\u0105dania statusu u\u017cytkowania.<\/li>\n\n\n\n<li class=\"has-fs-16-font-size\">Pobieranie op\u0142at od u\u017cytkownik\u00f3w za p\u0142atne us\u0142ugi.<\/li>\n\n\n\n<li class=\"has-fs-16-font-size\">Cele uboczne w stosunku do powy\u017cszych cel\u00f3w u\u017cytkowania.<\/li>\n<\/ol>\n\n\n\n<h3 class=\"wp-block-heading has-montserrat-font-family has-fs-18-font-size\"><strong>Artyku\u0142 3 (Zmiana celu u\u017cytkowania).<\/strong><\/h3>\n\n\n\n<p class=\"has-montserrat-font-family has-fs-16-font-size\">Cele, dla kt\u00f3rych wykorzystywane s\u0105 dane osobowe, mog\u0105 ulec zmianie w zakresie, w jakim s\u0105 one racjonalnie uznawane za istotne, a klient zostanie powiadomiony lub poinformowany o wszelkich zmianach.<\/p>\n\n\n\n<h3 class=\"wp-block-heading has-montserrat-font-family has-fs-18-font-size\"><strong>Artyku\u0142 4 (Prawid\u0142owe pozyskiwanie danych osobowych).<\/strong><\/h3>\n\n\n\n<p class=\"has-montserrat-font-family has-fs-16-font-size\">Sp\u00f3\u0142ka pozyskuje dane osobowe w spos\u00f3b prawid\u0142owy i nie pozyskuje ich w drodze oszustwa lub w inny bezprawny spos\u00f3b.<\/p>\n\n\n\n<h3 class=\"wp-block-heading has-montserrat-font-family has-fs-18-font-size\"><strong>Artyku\u0142 5 (Bezpiecze\u0144stwo danych osobowych).<\/strong><\/h3>\n\n\n\n<p class=\"has-montserrat-font-family has-fs-16-font-size\">Sp\u00f3\u0142ka zapewnia niezb\u0119dny i odpowiedni nadz\u00f3r nad swoimi pracownikami w celu zapewnienia bezpiecznego zarz\u0105dzania danymi osobowymi przed ryzykiem, takim jak utrata, zniszczenie, fa\u0142szowanie i wyciek danych osobowych. Ponadto, gdy przetwarzanie danych osobowych jest zlecane na zewn\u0105trz w ca\u0142o\u015bci lub w cz\u0119\u015bci, Sp\u00f3\u0142ka zapewnia niezb\u0119dny i odpowiedni nadz\u00f3r w celu zapewnienia, \u017ce firma zewn\u0119trzna bezpiecznie zarz\u0105dza danymi osobowymi.<\/p>\n\n\n\n<h3 class=\"wp-block-heading has-montserrat-font-family has-fs-18-font-size\"><strong>Artyku\u0142 6 (Udost\u0119pnianie danych osobowych stronom trzecim)<\/strong><\/h3>\n\n\n\n<p class=\"has-fs-16-font-size\">Sp\u00f3\u0142ka nie b\u0119dzie przetwarza\u0107 danych osobowych wykraczaj\u0105cych poza zakres niezb\u0119dny do osi\u0105gni\u0119cia celu ich wykorzystania bez zgody klienta, z wyj\u0105tkiem przypadk\u00f3w dozwolonych przez ustaw\u0119 o ochronie danych osobowych lub inne przepisy ustawowe i wykonawcze. Nie dotyczy to jednak nast\u0119puj\u0105cych przypadk\u00f3w<\/p>\n\n\n\n<ul class=\"wp-block-list\">\n<li class=\"has-fs-16-font-size\">Tam, gdzie jest to wymagane przez prawo<\/li>\n\n\n\n<li class=\"has-fs-16-font-size\">Gdy jest to konieczne dla ochrony \u017cycia, cia\u0142a lub mienia danej osoby, a uzyskanie zgody klienta jest trudne.<\/li>\n\n\n\n<li class=\"has-fs-16-font-size\">W przypadku, gdy jest to szczeg\u00f3lnie konieczne w celu poprawy zdrowia publicznego lub promowania prawid\u0142owego rozwoju dzieci, a uzyskanie zgody klienta jest trudne.<\/li>\n\n\n\n<li class=\"has-fs-16-font-size\">Gdy konieczna jest wsp\u00f3\u0142praca z organem pa\u0144stwowym, organem samorz\u0105du terytorialnego lub osob\u0105, kt\u00f3rej powierzono taki organ, w prowadzeniu spraw przewidzianych prawem, a uzyskanie zgody klienta mo\u017ce utrudni\u0107 prowadzenie takich spraw Niezale\u017cnie od postanowie\u0144 poprzedniego ust\u0119pu, w nast\u0119puj\u0105cych przypadkach strona, kt\u00f3rej przekazywane s\u0105 informacje, nie jest uwa\u017cana za osob\u0119 trzeci\u0105 Niezale\u017cnie od postanowie\u0144 poprzedniego ust\u0119pu, nast\u0119puj\u0105ce przypadki nie nale\u017c\u0105 do kategorii os\u00f3b trzecich.<\/li>\n\n\n\n<li class=\"has-fs-16-font-size\">W przypadku, gdy przetwarzanie danych osobowych jest zlecane podmiotom zewn\u0119trznym w ca\u0142o\u015bci lub w cz\u0119\u015bci w zakresie niezb\u0119dnym do osi\u0105gni\u0119cia celu, w jakim s\u0105 one wykorzystywane przez Sp\u00f3\u0142k\u0119.<\/li>\n\n\n\n<li class=\"has-fs-16-font-size\">W przypadku, gdy dane osobowe s\u0105 przekazywane w wyniku sukcesji firmy z powodu fuzji lub w inny spos\u00f3b.<\/li>\n\n\n\n<li class=\"has-fs-16-font-size\">W przypadku \u0142\u0105cznego stosowania zgodnie z przepisami ustawy o ochronie danych osobowych<\/li>\n<\/ul>\n\n\n\n<h3 class=\"wp-block-heading has-montserrat-font-family has-fs-18-font-size\"><strong>Artyku\u0142 7 (Ujawnianie danych osobowych).<\/strong><\/h3>\n\n\n\n<p class=\"has-montserrat-font-family has-fs-16-font-size\">Je\u015bli dana osoba za\u017c\u0105da ujawnienia swoich danych osobowych, Sp\u00f3\u0142ka niezw\u0142ocznie ujawni je tej osobie. Mo\u017cemy jednak podj\u0105\u0107 decyzj\u0119 o nieujawnianiu ca\u0142o\u015bci lub cz\u0119\u015bci informacji, je\u015bli ich ujawnienie spowodowa\u0142oby kt\u00f3rykolwiek z poni\u017cszych skutk\u00f3w, a je\u015bli podejmiemy decyzj\u0119 o nieujawnianiu informacji, niezw\u0142ocznie powiadomimy o tym u\u017cytkownika.<\/p>\n\n\n\n<ul class=\"wp-block-list\">\n<li class=\"has-montserrat-font-family has-fs-16-font-size\">Gdy istnieje ryzyko wyrz\u0105dzenia szkody \u017cyciu, cia\u0142u, mieniu lub innym prawom lub interesom danej osoby lub strony trzeciej.<\/li>\n\n\n\n<li class=\"has-montserrat-font-family has-fs-16-font-size\">Gdy istnieje ryzyko znacznego zak\u0142\u00f3cenia prawid\u0142owego prowadzenia naszej dzia\u0142alno\u015bci.<\/li>\n\n\n\n<li class=\"has-montserrat-font-family has-fs-16-font-size\">Je\u015bli w przeciwnym razie stanowi\u0142oby to naruszenie prawa.<\/li>\n<\/ul>\n\n\n\n<p class=\"has-montserrat-font-family has-fs-16-font-size\">Niezale\u017cnie od postanowie\u0144 poprzedniego ust\u0119pu, informacje inne ni\u017c dane osobowe, takie jak informacje historyczne i charakterystyczne, zasadniczo nie b\u0119d\u0105 ujawniane.<\/p>\n\n\n\n<h3 class=\"wp-block-heading has-montserrat-font-family has-fs-18-font-size\"><strong>Artyku\u0142 8 (Poprawianie i usuwanie danych osobowych)<\/strong><\/h3>\n\n\n\n<p class=\"has-montserrat-font-family has-fs-16-font-size\">U\u017cytkownik mo\u017ce za\u017c\u0105da\u0107 poprawienia, dodania lub usuni\u0119cia swoich danych osobowych (zwanych dalej \"poprawkami\"), je\u015bli dane osobowe b\u0119d\u0105ce w posiadaniu Sp\u00f3\u0142ki s\u0105 nieprawid\u0142owe. Je\u015bli Sp\u00f3\u0142ka otrzyma wniosek od U\u017cytkownika zgodnie z poprzednim paragrafem i uzna za konieczne spe\u0142nienie tego wniosku, niezw\u0142ocznie wprowadzi poprawki itp. do odpowiednich danych osobowych. Je\u015bli Sp\u00f3\u0142ka dokona poprawek itp. na podstawie poprzedniego ust\u0119pu lub zdecyduje si\u0119 nie dokonywa\u0107 poprawek itp. zgodnie z ustaw\u0105 o ochronie danych osobowych lub innymi przepisami ustawowymi i wykonawczymi, Sp\u00f3\u0142ka niezw\u0142ocznie powiadomi o tym U\u017cytkownika.<\/p>\n\n\n\n<h3 class=\"wp-block-heading has-montserrat-font-family has-fs-18-font-size\"><strong>Artyku\u0142 9 (Zawieszenie wykorzystywania danych osobowych itp.)<\/strong><\/h3>\n\n\n\n<p class=\"has-montserrat-font-family has-fs-16-font-size\">U\u017cytkownik mo\u017ce za\u017c\u0105da\u0107 zaprzestania wykorzystywania lub usuni\u0119cia (zwanego dalej \"zaprzestaniem wykorzystywania\") danych osobowych u\u017cytkownika zgodnie z przepisami ustawy o ochronie danych osobowych na tej podstawie, \u017ce dane s\u0105 przetwarzane \"poza zakresem wcze\u015bniej og\u0142oszonych cel\u00f3w wykorzystania\" lub \u017ce zosta\u0142y uzyskane \"w wyniku oszustwa lub w inny bezprawny spos\u00f3b\". (zwane dalej \"zawieszeniem u\u017cytkowania\") zgodnie z przepisami ustawy o ochronie danych osobowych. Je\u015bli Sp\u00f3\u0142ka otrzyma od U\u017cytkownika wniosek opisany w poprzednim akapicie i oka\u017ce si\u0119, \u017ce wniosek ma podstawy, Sp\u00f3\u0142ka, po potwierdzeniu, \u017ce wniosek zosta\u0142 z\u0142o\u017cony przez U\u017cytkownika, niezw\u0142ocznie zawiesi korzystanie z danych osobowych i powiadomi o tym U\u017cytkownika. Nie dotyczy to jednak przypadk\u00f3w, w kt\u00f3rych Sp\u00f3\u0142ka nie jest zobowi\u0105zana do zawieszenia wykorzystywania danych osobowych na mocy ustawy o ochronie danych osobowych lub innych przepis\u00f3w ustawowych i wykonawczych.<\/p>\n\n\n\n<h3 class=\"wp-block-heading has-montserrat-font-family has-fs-18-font-size\"><strong>Artyku\u0142 10 (Ci\u0105g\u0142e doskonalenie).<\/strong><\/h3>\n\n\n\n<p class=\"has-montserrat-font-family has-fs-16-font-size\">Sp\u00f3\u0142ka od czasu do czasu dokonuje przegl\u0105du sposobu post\u0119powania z danymi osobowymi i d\u0105\u017cy do ci\u0105g\u0142ego doskonalenia, a w razie potrzeby mo\u017ce zmieni\u0107 Polityk\u0119 prywatno\u015bci. Tre\u015b\u0107 niniejszej Polityki Prywatno\u015bci mo\u017ce zosta\u0107 zmieniona bez powiadomienia u\u017cytkownik\u00f3w, chyba \u017ce prawo lub inne postanowienia niniejszej Polityki stanowi\u0105 inaczej. Zmieniona Polityka Prywatno\u015bci wchodzi w \u017cycie z chwil\u0105 jej opublikowania na Stronie Internetowej.<\/p>\n\n\n\n<h3 class=\"wp-block-heading has-montserrat-font-family has-fs-18-font-size\"><strong>Artyku\u0142 11 (Punkt kontaktowy dla zapyta\u0144).<\/strong><\/h3>\n\n\n\n<p class=\"has-montserrat-font-family has-fs-16-font-size\">W przypadku wniosk\u00f3w o ujawnienie, komentarzy, pyta\u0144, skarg lub innych zapyta\u0144 dotycz\u0105cych post\u0119powania z danymi osobowymi, prosimy o kontakt z<\/p>\n\n\n\n<p class=\"has-montserrat-font-family has-fs-16-font-size\">Adres e-mail: nagahori [at] konzept-o.com (*Zast\u0105p [at] przez @, aby wys\u0142a\u0107).<\/p>\n<\/main>","protected":false},"excerpt":{"rendered":"<p>PRIVACY POLICY \u682a\u5f0f\u4f1a\u793eKonzept-O\uff08\u4ee5\u4e0b\u300c\u5f53\u793e\u300d\u3068\u3044\u3044\u307e\u3059\uff09\u306f\u3001\u672c\u30a6\u30a7\u30d6\u30b5\u30a4\u30c8\u4e0a\u3067\u63d0\u4f9b\u3059 [&hellip;]<\/p>","protected":false},"author":1,"featured_media":0,"parent":0,"menu_order":0,"comment_status":"closed","ping_status":"open","template":"","meta":{"_acf_changed":false,"footnotes":""},"class_list":["post-3","page","type-page","status-publish","hentry"],"acf":[],"yoast_head":"<!-- This site is optimized with the Yoast SEO plugin v26.1.1 - https:\/\/yoast.com\/wordpress\/plugins\/seo\/ -->\n<title>\u30d7\u30e9\u30a4\u30d0\u30b7\u30fc\u30dd\u30ea\u30b7\u30fc - Konzept-O\uff5c\u8cbf\u6613\u3068\u30d7\u30ed\u30e2\u30fc\u30b7\u30e7\u30f3\u3067\u4e16\u754c\u3067\u6226\u3046\u4f01\u696d\u3092\u3064\u304f\u308b<\/title>\n<meta name=\"robots\" content=\"index, follow, max-snippet:-1, max-image-preview:large, max-video-preview:-1\" \/>\n<link rel=\"canonical\" href=\"https:\/\/konzept-o.com\/pl\/polityka-prywatnosci\/\" \/>\n<meta property=\"og:locale\" content=\"pl_PL\" \/>\n<meta property=\"og:type\" content=\"article\" \/>\n<meta property=\"og:title\" content=\"\u30d7\u30e9\u30a4\u30d0\u30b7\u30fc\u30dd\u30ea\u30b7\u30fc - Konzept-O\uff5c\u8cbf\u6613\u3068\u30d7\u30ed\u30e2\u30fc\u30b7\u30e7\u30f3\u3067\u4e16\u754c\u3067\u6226\u3046\u4f01\u696d\u3092\u3064\u304f\u308b\" \/>\n<meta property=\"og:description\" content=\"PRIVACY POLICY \u682a\u5f0f\u4f1a\u793eKonzept-O\uff08\u4ee5\u4e0b\u300c\u5f53\u793e\u300d\u3068\u3044\u3044\u307e\u3059\uff09\u306f\u3001\u672c\u30a6\u30a7\u30d6\u30b5\u30a4\u30c8\u4e0a\u3067\u63d0\u4f9b\u3059 [&hellip;]\" \/>\n<meta property=\"og:url\" content=\"https:\/\/konzept-o.com\/pl\/polityka-prywatnosci\/\" \/>\n<meta property=\"og:site_name\" content=\"Konzept-O\uff5c\u8cbf\u6613\u3068\u30d7\u30ed\u30e2\u30fc\u30b7\u30e7\u30f3\u3067\u4e16\u754c\u3067\u6226\u3046\u4f01\u696d\u3092\u3064\u304f\u308b\" \/>\n<meta property=\"article:modified_time\" content=\"2025-10-15T02:38:50+00:00\" \/>\n<meta name=\"twitter:card\" content=\"summary_large_image\" \/>\n<script type=\"application\/ld+json\" class=\"yoast-schema-graph\">{\"@context\":\"https:\/\/schema.org\",\"@graph\":[{\"@type\":\"WebPage\",\"@id\":\"https:\/\/konzept-o.com\/privacy-policy\/\",\"url\":\"https:\/\/konzept-o.com\/privacy-policy\/\",\"name\":\"\u30d7\u30e9\u30a4\u30d0\u30b7\u30fc\u30dd\u30ea\u30b7\u30fc - Konzept-O\uff5c\u8cbf\u6613\u3068\u30d7\u30ed\u30e2\u30fc\u30b7\u30e7\u30f3\u3067\u4e16\u754c\u3067\u6226\u3046\u4f01\u696d\u3092\u3064\u304f\u308b\",\"isPartOf\":{\"@id\":\"https:\/\/konzept-o.com\/#website\"},\"datePublished\":\"2025-09-13T23:13:25+00:00\",\"dateModified\":\"2025-10-15T02:38:50+00:00\",\"breadcrumb\":{\"@id\":\"https:\/\/konzept-o.com\/privacy-policy\/#breadcrumb\"},\"inLanguage\":\"pl-PL\",\"potentialAction\":[{\"@type\":\"ReadAction\",\"target\":[\"https:\/\/konzept-o.com\/privacy-policy\/\"]}]},{\"@type\":\"BreadcrumbList\",\"@id\":\"https:\/\/konzept-o.com\/privacy-policy\/#breadcrumb\",\"itemListElement\":[{\"@type\":\"ListItem\",\"position\":1,\"name\":\"\u30db\u30fc\u30e0\",\"item\":\"https:\/\/konzept-o.com\/\"},{\"@type\":\"ListItem\",\"position\":2,\"name\":\"\u30d7\u30e9\u30a4\u30d0\u30b7\u30fc\u30dd\u30ea\u30b7\u30fc\"}]},{\"@type\":\"WebSite\",\"@id\":\"https:\/\/konzept-o.com\/#website\",\"url\":\"https:\/\/konzept-o.com\/\",\"name\":\"Konzept-O\uff5c\u8cbf\u6613\u3068\u30d7\u30ed\u30e2\u30fc\u30b7\u30e7\u30f3\u3067\u4e16\u754c\u3067\u6226\u3046\u4f01\u696d\u3092\u3064\u304f\u308b\",\"description\":\"\",\"potentialAction\":[{\"@type\":\"SearchAction\",\"target\":{\"@type\":\"EntryPoint\",\"urlTemplate\":\"https:\/\/konzept-o.com\/?s={search_term_string}\"},\"query-input\":{\"@type\":\"PropertyValueSpecification\",\"valueRequired\":true,\"valueName\":\"search_term_string\"}}],\"inLanguage\":\"pl-PL\"}]}<\/script>\n<!-- \/ Yoast SEO plugin. -->","yoast_head_json":{"title":"Polityka prywatno\u015bci - Konzept-O\uff5cBudowanie firmy, kt\u00f3ra konkuruje globalnie poprzez handel i promocj\u0119.","robots":{"index":"index","follow":"follow","max-snippet":"max-snippet:-1","max-image-preview":"max-image-preview:large","max-video-preview":"max-video-preview:-1"},"canonical":"https:\/\/konzept-o.com\/pl\/polityka-prywatnosci\/","og_locale":"pl_PL","og_type":"article","og_title":"\u30d7\u30e9\u30a4\u30d0\u30b7\u30fc\u30dd\u30ea\u30b7\u30fc - Konzept-O\uff5c\u8cbf\u6613\u3068\u30d7\u30ed\u30e2\u30fc\u30b7\u30e7\u30f3\u3067\u4e16\u754c\u3067\u6226\u3046\u4f01\u696d\u3092\u3064\u304f\u308b","og_description":"PRIVACY POLICY \u682a\u5f0f\u4f1a\u793eKonzept-O\uff08\u4ee5\u4e0b\u300c\u5f53\u793e\u300d\u3068\u3044\u3044\u307e\u3059\uff09\u306f\u3001\u672c\u30a6\u30a7\u30d6\u30b5\u30a4\u30c8\u4e0a\u3067\u63d0\u4f9b\u3059 [&hellip;]","og_url":"https:\/\/konzept-o.com\/pl\/polityka-prywatnosci\/","og_site_name":"Konzept-O\uff5c\u8cbf\u6613\u3068\u30d7\u30ed\u30e2\u30fc\u30b7\u30e7\u30f3\u3067\u4e16\u754c\u3067\u6226\u3046\u4f01\u696d\u3092\u3064\u304f\u308b","article_modified_time":"2025-10-15T02:38:50+00:00","twitter_card":"summary_large_image","schema":{"@context":"https:\/\/schema.org","@graph":[{"@type":"WebPage","@id":"https:\/\/konzept-o.com\/privacy-policy\/","url":"https:\/\/konzept-o.com\/privacy-policy\/","name":"Polityka prywatno\u015bci - Konzept-O\uff5cBudowanie firmy, kt\u00f3ra konkuruje globalnie poprzez handel i promocj\u0119.","isPartOf":{"@id":"https:\/\/konzept-o.com\/#website"},"datePublished":"2025-09-13T23:13:25+00:00","dateModified":"2025-10-15T02:38:50+00:00","breadcrumb":{"@id":"https:\/\/konzept-o.com\/privacy-policy\/#breadcrumb"},"inLanguage":"pl-PL","potentialAction":[{"@type":"ReadAction","target":["https:\/\/konzept-o.com\/privacy-policy\/"]}]},{"@type":"BreadcrumbList","@id":"https:\/\/konzept-o.com\/privacy-policy\/#breadcrumb","itemListElement":[{"@type":"ListItem","position":1,"name":"\u30db\u30fc\u30e0","item":"https:\/\/konzept-o.com\/"},{"@type":"ListItem","position":2,"name":"\u30d7\u30e9\u30a4\u30d0\u30b7\u30fc\u30dd\u30ea\u30b7\u30fc"}]},{"@type":"WebSite","@id":"https:\/\/konzept-o.com\/#website","url":"https:\/\/konzept-o.com\/","name":"Konzept-O\uff5cTworzenie firmy, kt\u00f3ra konkuruje globalnie poprzez handel i promocj\u0119.","description":"","potentialAction":[{"@type":"SearchAction","target":{"@type":"EntryPoint","urlTemplate":"https:\/\/konzept-o.com\/?s={search_term_string}"},"query-input":{"@type":"PropertyValueSpecification","valueRequired":true,"valueName":"search_term_string"}}],"inLanguage":"pl-PL"}]}},"_links":{"self":[{"href":"https:\/\/konzept-o.com\/pl\/wp-json\/wp\/v2\/pages\/3","targetHints":{"allow":["GET"]}}],"collection":[{"href":"https:\/\/konzept-o.com\/pl\/wp-json\/wp\/v2\/pages"}],"about":[{"href":"https:\/\/konzept-o.com\/pl\/wp-json\/wp\/v2\/types\/page"}],"author":[{"embeddable":true,"href":"https:\/\/konzept-o.com\/pl\/wp-json\/wp\/v2\/users\/1"}],"replies":[{"embeddable":true,"href":"https:\/\/konzept-o.com\/pl\/wp-json\/wp\/v2\/comments?post=3"}],"version-history":[{"count":7,"href":"https:\/\/konzept-o.com\/pl\/wp-json\/wp\/v2\/pages\/3\/revisions"}],"predecessor-version":[{"id":516,"href":"https:\/\/konzept-o.com\/pl\/wp-json\/wp\/v2\/pages\/3\/revisions\/516"}],"wp:attachment":[{"href":"https:\/\/konzept-o.com\/pl\/wp-json\/wp\/v2\/media?parent=3"}],"curies":[{"name":"wp","href":"https:\/\/api.w.org\/{rel}","templated":true}]}}